{"id":470,"date":"2022-08-17T10:21:38","date_gmt":"2022-08-17T08:21:38","guid":{"rendered":"https:\/\/sparberhof.it\/datenschutz\/"},"modified":"2022-08-23T08:47:06","modified_gmt":"2022-08-23T06:47:06","slug":"privacy","status":"publish","type":"page","link":"https:\/\/sparberhof.it\/it\/privacy\/","title":{"rendered":"Privacy"},"content":{"rendered":"[vc_row type=&#8221;in_container&#8221; full_screen_row_position=&#8221;middle&#8221; column_margin=&#8221;default&#8221; column_direction=&#8221;default&#8221; column_direction_tablet=&#8221;default&#8221; column_direction_phone=&#8221;default&#8221; scene_position=&#8221;center&#8221; top_padding=&#8221;3%&#8221; bottom_padding=&#8221;3%&#8221; text_color=&#8221;dark&#8221; text_align=&#8221;left&#8221; row_border_radius=&#8221;none&#8221; row_border_radius_applies=&#8221;bg&#8221; overflow=&#8221;visible&#8221; advanced_gradient_angle=&#8221;0&#8243; overlay_strength=&#8221;0.3&#8243; gradient_direction=&#8221;left_to_right&#8221; shape_divider_position=&#8221;bottom&#8221; bg_image_animation=&#8221;none&#8221; gradient_type=&#8221;default&#8221; shape_type=&#8221;&#8221;][vc_column column_padding=&#8221;no-extra-padding&#8221; column_padding_tablet=&#8221;inherit&#8221; column_padding_phone=&#8221;inherit&#8221; column_padding_position=&#8221;all&#8221; column_element_direction_desktop=&#8221;default&#8221; column_element_spacing=&#8221;default&#8221; desktop_text_alignment=&#8221;default&#8221; tablet_text_alignment=&#8221;default&#8221; phone_text_alignment=&#8221;default&#8221; background_color_opacity=&#8221;1&#8243; background_hover_color_opacity=&#8221;1&#8243; column_backdrop_filter=&#8221;none&#8221; column_shadow=&#8221;none&#8221; column_border_radius=&#8221;none&#8221; column_link_target=&#8221;_self&#8221; column_position=&#8221;default&#8221; gradient_direction=&#8221;left_to_right&#8221; overlay_strength=&#8221;0.3&#8243; width=&#8221;1\/1&#8243; tablet_width_inherit=&#8221;default&#8221; animation_type=&#8221;default&#8221; bg_image_animation=&#8221;none&#8221; border_type=&#8221;simple&#8221; column_border_width=&#8221;none&#8221; column_border_style=&#8221;solid&#8221;][vc_column_text]\n<h2>Dichiarazione sulla protezioni dei dati personali<\/h2>\n<p>&nbsp;<\/p>\n<p>Ai sensi dell\u2019art. 13 del D.Lgs. n. 196 del 30 giugno 2003 (\u201cCodice in materia di protezione dei dati personali\u201d), questa dichiarazione sulla protezione dei dati personali si rivolge a coloro che utilizzano i siti internet dello Sparberhof, accessibili al sito internet www.sparberhof.it.<\/p>\n<p>La dichiarazione si basa sulla Raccomandazione n. 2\/2001 del 17 maggio 2001 del gruppo di lavoro formato da rappresentanti del Garante europeo per la protezione dei dati ai sensi del art. 29, Direttiva n. 95\/46\/CE.<\/p>\n<p>Questa dichiarazione vale esclusivamente per i suddetti siti internet e non per altri siti internet eventualmente accessibili dall\u2019utente a mezzo di link ipertestuale sui suddetti siti.<\/p>\n<p>Lo Sparberhof, in veste di gestore dell\u2019anzidetto sito internet, garantisce, nei limiti delle disposizioni di legge, che il trattamento dei dati personali avvenga in ossequio ai diritti e le libert\u00e0 fondamentali cos\u00ec come la dignit\u00e0 dell\u2019interessato, con particolare riguardo alla segretezza, all\u2019identit\u00e0 personale e al diritto alla tutela dei dati personali.<\/p>\n<p><strong>1. Il \u201etitolare\u201c dell\u2019elaborazione dei dati<\/strong><\/p>\n<p>Sparberhof<br \/>\nDosso 10<br \/>\n39040 Campo di Trens (BZ)<br \/>\nAlto Adige . Italia<br \/>\nTel. +39 349 805 83 97<br \/>\n<a href=\"mailto:info@sparberhof.it\">info@sparberhof.it<\/a><\/p>\n<p><strong>2. Luogo dell\u2018elaborazione die dati<\/strong><\/p>\n<p>ALL-INKL.COM \u2013 Neue Medien M\u00fcnnich<br \/>\nHauptstra\u00dfe 68<br \/>\nD- 02742 Friedersdorf<br \/>\nLocalit\u00e0 del server: Germania<\/p>\n<p><strong>3. Tipo dei dati rilevati<\/strong><\/p>\n<p><strong>3.1. Dati di navigazione<\/strong><\/p>\n<p>I sistemi di elaborazione dei dati e i software utilizzati per il funzionamento di questo sito internet rilevano in automatica ad ogni accesso ai siti internet determinati dati personali (p. es. indirizzo IP, nome domain del provider, data e ora dell\u2019accesso al sito, durata dell\u2019accesso, informazioni riguardanti il sistema operativo utilizzato, ecc.).<br \/>\nSi tratta a questo proposito di informazioni le quali, stante la loro natura ed in relazione con dati salvati presso terzi, possono condurre all\u2019identificazione del utente.<br \/>\nL\u2019assunzione di tali dati non avviene allo scopo di utilizzazione personale degli stessi. Il titolare, per\u00f2, si riserva il diritto di effettuare analisi statistiche di dati anonimizzati.<br \/>\nInoltre si fa presente che i dati in tal modo rilevati possono essere utilizzati, nei limiti delle disposizioni di legge, per la persecuzione di reati.<\/p>\n<p><strong>3.2. Cookies<\/strong><\/p>\n<p>Sui siti internet dello Sparberhof non vengono utilizzati cookies.<\/p>\n<p><strong>3.3. Dati trasmessi volontariamente<\/strong><\/p>\n<p>Il \u201etitolare\u201c dell\u2019elaborazione dei dati dichiara che i dati personali, i quali sono stati trasmessi, in qualunque forma, volontariamente dall\u2019utente, vengono registrati ed elaborati esclusivamente per conseguire gli obiettivi e gli scopi ossia per prestare i servizi offerti, per adempiere eventuali obblighi contrattuali nei confronti dell\u2019interessato e\/o per incombenze legali. Questi dati personali non sono soggetti a divulgazione e non vengono trasmessi a terzi, purch\u00e9 ci\u00f2 non sia necessario per il conseguimento degli obiettivi e degli scopi dei siti internet dello Sparberhof ossia per la prestazione dei servizi offerti.<\/p>\n<p><strong>4. Scopo dell\u2019elaborazione dei dati<\/strong><\/p>\n<p>Obiettivo e scopo dell\u2019elaborazione dei dati sono:<br \/>\n\u2013 Adempimento di obblighi di legge, obblighi imposti da ordinanze, da norme comunitarie cos\u00ec come leggi di diritto civile e tributario;<br \/>\n\u2013 adempimento di eventuali obblighi contrattuali nei confronti dell\u2018interessato;<br \/>\n\u2013 tutela dei crediti e gestione dei debiti;<\/p>\n<p>Per l\u2019adempimento dell\u2019obiettivo e dello scopo dei siti internet dello Sparberhof ossia per la prestazione dei servizi offerti, i dati personali trasmessi volontariamente dall\u2019utente possono essere comunicati ossia resi accessibili ai seguenti destinatari:- allo Sparberhof, nonch\u00e9 ad esterni gestori di servizi, incaricati dell\u2019allestimento e dell\u2019assistenza dei siti dello Sparberhof;<br \/>\nPer giunta i dati trasmessi possono essere inoltrati:<br \/>\n\u2013 alle pubbliche amministrazioni ed enti, purch\u00e9 previsto dalla legge;<br \/>\n\u2013 a tutte le persone fisiche e\/o giuridiche, pubbliche e\/o private (studi di consulenza legale, amministrativa, fiscale, tribunali, camere di commercio, case editrici, universit\u00e0, imprese, partner di cooperazioni ecc.), purch\u00e9 l\u2019inoltro risulti necessario oppure conveniente per l\u2019esercizio dell\u2019attivit\u00e0 aziendale cos\u00ec come summenzionato sopra con i rispettivi obiettivi.<\/p>\n<p><strong>5. Modalit\u00e0 dell\u2019elaborazione dei dati<\/strong><\/p>\n<p>L\u2019elaborazione die dati pu\u00f2 avvenire con o senza ausilio di mezzi elettronici, ad ogni modo automatici, e comprende tutte le procedure previste all\u2019art. 4, 1\u00b0 comma, lettera a) del D.Lgs. n. 196 del 30 giugno 2003 e necessarie per l\u2019elaborazione dei dati attinenti. In ogni caso, l\u2019elaborazione dei dati verr\u00e0 svolta rispettando tutte le misure di precauzione a garanzia della sicurezza e riservatezza.<\/p>\n<p><strong>6. Diritti della persona interessata<\/strong><\/p>\n<p>Ai sensi dell\u2019art.4 del D.Lgs. n. 196 del 30 giugno 2003, la persona interessata ha diritto ad essere informata sull\u2019esistenza di dati che la concernono, anche se non ancora salvati; quest\u2019ultima ha inoltre diritto alla trasmissione di tali dati in forma intellegibile.<\/p>\n<p>La persona interessata ha diritto all\u2019informazione su<br \/>\na) la provenienza dei dati personali;<br \/>\nb) lo scopo e le modalit\u00e0 dell\u2019elaborazione;<br \/>\nc) il sistema utilizzato, qualora i dati vengano elaborati elettronicamente;<br \/>\nd) i dati pi\u00f9 importanti per l\u2019identificazione del titolare del diritto, dei responsabili e del rappresentante nominato;<br \/>\ne) le persone o categorie di persone, alle quali i dati personali possono essere trasmessi, ovvero le quali ne possono prendere atto in veste di rappresentanti nominati nello stato, di responsabili o di delegati.<\/p>\n<p><strong>La persona interessata ha inoltre diritto:<\/strong><br \/>\na) a pretendere l\u2018aggiornamento, la rettifica o, purch\u00e9 interessata, l\u2019integrazione dei dati;<br \/>\nb) a pretendere che dati illegittimamente elaborati vengano cancellati, anonimizzati oppure bloccati; ci\u00f2 vale anche per dati la cui conservazione non \u00e8 necessaria per gli scopi per i quali sono stati rilevati e sussidiariamente elaborati;<br \/>\nc) a ricevere conferma che le procedure specificate alle lettere a) e b) sono state comunicate, anche nel loro contenuto, a coloro cui i dati sono stati trasmessi o presso i quali sono stati diffusi, purch\u00e9 ci\u00f2 non risulti impossibile o l\u2019impiego dei mezzi non risulti insostenibilmente oneroso rispetto al diritto tutelato.<\/p>\n<p><strong>La persona interessata ha, infine, in toto o in parte, il diritto<\/strong><br \/>\na) ad opporsi per ragioni legittime all\u2019elaborazione di dati personali che la riguardano, anche se questi dati coincidono con lo scopo della raccolta;<br \/>\na) ad opporsi all\u2019elaborazione di dati personali che la riguardano, quando tale elaborazione ha come scopo la spedizione di prodotti pubblicitari o la vendita diretta, la ricerca sul mercato o su opinioni o l\u2019informazione commerciale.<\/p>\n<p>I detti diritti possono essere fatti valere con una diffida alla buona al titolare del diritto o al responsabile, anche tramite una persona delegata.[\/vc_column_text][\/vc_column][\/vc_row]","protected":false},"excerpt":{"rendered":"<p>[vc_row type=&#8221;in_container&#8221; full_screen_row_position=&#8221;middle&#8221; column_margin=&#8221;default&#8221; column_direction=&#8221;default&#8221; column_direction_tablet=&#8221;default&#8221; column_direction_phone=&#8221;default&#8221; scene_position=&#8221;center&#8221; top_padding=&#8221;3%&#8221; bottom_padding=&#8221;3%&#8221; text_color=&#8221;dark&#8221; text_align=&#8221;left&#8221; row_border_radius=&#8221;none&#8221; row_border_radius_applies=&#8221;bg&#8221; overflow=&#8221;visible&#8221; advanced_gradient_angle=&#8221;0&#8243; overlay_strength=&#8221;0.3&#8243; gradient_direction=&#8221;left_to_right&#8221; shape_divider_position=&#8221;bottom&#8221; bg_image_animation=&#8221;none&#8221; gradient_type=&#8221;default&#8221; shape_type=&#8221;&#8221;][vc_column column_padding=&#8221;no-extra-padding&#8221; column_padding_tablet=&#8221;inherit&#8221; column_padding_phone=&#8221;inherit&#8221; column_padding_position=&#8221;all&#8221; column_element_direction_desktop=&#8221;default&#8221; column_element_spacing=&#8221;default&#8221; desktop_text_alignment=&#8221;default&#8221; tablet_text_alignment=&#8221;default&#8221;&#8230;<\/p>\n","protected":false},"author":2,"featured_media":0,"parent":0,"menu_order":102,"comment_status":"closed","ping_status":"closed","template":"","meta":{"footnotes":""},"class_list":["post-470","page","type-page","status-publish"],"_links":{"self":[{"href":"https:\/\/sparberhof.it\/it\/wp-json\/wp\/v2\/pages\/470","targetHints":{"allow":["GET"]}}],"collection":[{"href":"https:\/\/sparberhof.it\/it\/wp-json\/wp\/v2\/pages"}],"about":[{"href":"https:\/\/sparberhof.it\/it\/wp-json\/wp\/v2\/types\/page"}],"author":[{"embeddable":true,"href":"https:\/\/sparberhof.it\/it\/wp-json\/wp\/v2\/users\/2"}],"replies":[{"embeddable":true,"href":"https:\/\/sparberhof.it\/it\/wp-json\/wp\/v2\/comments?post=470"}],"version-history":[{"count":9,"href":"https:\/\/sparberhof.it\/it\/wp-json\/wp\/v2\/pages\/470\/revisions"}],"predecessor-version":[{"id":479,"href":"https:\/\/sparberhof.it\/it\/wp-json\/wp\/v2\/pages\/470\/revisions\/479"}],"wp:attachment":[{"href":"https:\/\/sparberhof.it\/it\/wp-json\/wp\/v2\/media?parent=470"}],"curies":[{"name":"wp","href":"https:\/\/api.w.org\/{rel}","templated":true}]}}